{"id":5550,"date":"2021-11-15T00:12:34","date_gmt":"2021-11-14T23:12:34","guid":{"rendered":"https:\/\/www.vomsockeldenken.de\/getting-here\/"},"modified":"2021-11-18T12:33:46","modified_gmt":"2021-11-18T11:33:46","slug":"getting-here","status":"publish","type":"page","link":"https:\/\/www.vomsockeldenken.de\/en\/getting-here\/","title":{"rendered":"Getting here"},"content":{"rendered":"<div class=\"wpb-content-wrapper\"><p>[vc_row][vc_column][vc_column_text]<\/p>\n<h1>Getting here<\/h1>\n<p>[\/vc_column_text][\/vc_column][\/vc_row][vc_row][vc_column][vc_single_image image=&#8221;5370&#8243; img_size=&#8221;full&#8221; el_class=&#8221;denkmal&#8221;][\/vc_column][\/vc_row][vc_row][vc_column width=&#8221;1\/3&#8243; el_class=&#8221;leftish&#8221;][vc_column_text]<strong>S-Bahn (urban railway):<br \/>\n<\/strong>S8, S41, S42, S85<br \/>\nGreifswalder Stra\u00dfe<br \/>\n(5 minutes on foot)[\/vc_column_text][\/vc_column][vc_column width=&#8221;1\/3&#8243; el_class=&#8221;leftish&#8221;][vc_column_text]<strong>Stra\u00dfenbahnen (trams):<\/strong><br \/>\nM4 Danziger Stra\u00dfe<br \/>\nM10 Greifswalder Stra\u00dfe<br \/>\n(each 5 minutes on foot)[\/vc_column_text][\/vc_column][vc_column width=&#8221;1\/3&#8243; el_class=&#8221;leftish&#8221;][vc_column_text]<strong>GPS coordinates:<\/strong><br \/>\n<a href=\"https:\/\/www.google.com\/maps\/place\/52%C2%B032'17.2%22N+13%C2%B026'01.7%22E\/@52.5381049,13.4316088,17z\/\" target=\"_blank\" rel=\"noopener\">52.5381, 13.4337<\/a>[\/vc_column_text][\/vc_column][\/vc_row][vc_row][vc_column][vc_column_text]<em>Please bring along your web-enabled or WLAN-ready smartphone, so that you can watch the films on site.<\/em>[\/vc_column_text][vc_empty_space height=&#8221;200px&#8221;][\/vc_column][\/vc_row][vc_row disable_element=&#8221;yes&#8221;][vc_column][lab_contact_form name_title=&#8221;Name.&#8221; email_title=&#8221;Email.&#8221; message_title=&#8221;Message.&#8221; show_subject_field=&#8221;&#8221; alert_errors=&#8221;&#8221; privacy_policy_text=&#8221;#E-8_SSVFMiU4MCU5OXZlJTIwcmVhZCUyMGFuZCUyMGFjY2VwdCUyMHRoZSUyMCUzQ2ElMjBocmVmJTNEJTIyJTIzJTIyJTNFdGVybXMlMjAlMjZhbXAlM0IlMjBjb25kaXRpb25zJTNDJTJGYSUzRSUyMCUyQQ==&#8221;][\/vc_column][\/vc_row]<\/p>\n<\/div>","protected":false},"excerpt":{"rendered":"<p>[vc_row][vc_column][vc_column_text] Getting here [\/vc_column_text][\/vc_column][\/vc_row][vc_row][vc_column][vc_single_image image=&#8221;5370&#8243; img_size=&#8221;full&#8221; el_class=&#8221;denkmal&#8221;][\/vc_column][\/vc_row][vc_row][vc_column width=&#8221;1\/3&#8243; el_class=&#8221;leftish&#8221;][vc_column_text]S-Bahn (urban railway): S8, S41, S42, S85 Greifswalder Stra\u00dfe (5 minutes on foot)[\/vc_column_text][\/vc_column][vc_column width=&#8221;1\/3&#8243; el_class=&#8221;leftish&#8221;][vc_column_text]Stra\u00dfenbahnen (trams): M4 Danziger Stra\u00dfe M10 Greifswalder Stra\u00dfe (each 5 minutes on foot)[\/vc_column_text][\/vc_column][vc_column width=&#8221;1\/3&#8243; el_class=&#8221;leftish&#8221;][vc_column_text]GPS coordinates: 52.5381, 13.4337[\/vc_column_text][\/vc_column][\/vc_row][vc_row][vc_column][vc_column_text]Please bring along your web-enabled or WLAN-ready smartphone, so that you can watch the films on&hellip;<\/p>\n","protected":false},"author":2,"featured_media":0,"parent":0,"menu_order":0,"comment_status":"closed","ping_status":"closed","template":"","meta":{"_acf_changed":false,"footnotes":""},"class_list":["post-5550","page","type-page","status-publish","hentry"],"acf":[],"yoast_head":"<!-- This site is optimized with the Yoast SEO plugin v27.5 - https:\/\/yoast.com\/product\/yoast-seo-wordpress\/ -->\n<title>Getting here - Thinking from the Pedestal<\/title>\n<meta name=\"robots\" content=\"index, follow, max-snippet:-1, max-image-preview:large, max-video-preview:-1\" \/>\n<link rel=\"canonical\" href=\"https:\/\/www.vomsockeldenken.de\/en\/getting-here\/\" \/>\n<meta property=\"og:locale\" content=\"en_US\" \/>\n<meta property=\"og:type\" content=\"article\" \/>\n<meta property=\"og:title\" content=\"Getting here - Thinking from the Pedestal\" \/>\n<meta property=\"og:description\" content=\"[vc_row][vc_column][vc_column_text] Getting here [\/vc_column_text][\/vc_column][\/vc_row][vc_row][vc_column][vc_single_image image=&#8221;5370&#8243; img_size=&#8221;full&#8221; el_class=&#8221;denkmal&#8221;][\/vc_column][\/vc_row][vc_row][vc_column width=&#8221;1\/3&#8243; el_class=&#8221;leftish&#8221;][vc_column_text]S-Bahn (urban railway): S8, S41, S42, S85 Greifswalder Stra\u00dfe (5 minutes on foot)[\/vc_column_text][\/vc_column][vc_column width=&#8221;1\/3&#8243; el_class=&#8221;leftish&#8221;][vc_column_text]Stra\u00dfenbahnen (trams): M4 Danziger Stra\u00dfe M10 Greifswalder Stra\u00dfe (each 5 minutes on foot)[\/vc_column_text][\/vc_column][vc_column width=&#8221;1\/3&#8243; el_class=&#8221;leftish&#8221;][vc_column_text]GPS coordinates: 52.5381, 13.4337[\/vc_column_text][\/vc_column][\/vc_row][vc_row][vc_column][vc_column_text]Please bring along your web-enabled or WLAN-ready smartphone, so that you can watch the films on&hellip;\" \/>\n<meta property=\"og:url\" content=\"https:\/\/www.vomsockeldenken.de\/en\/getting-here\/\" \/>\n<meta property=\"og:site_name\" content=\"Thinking from the Pedestal\" \/>\n<meta property=\"article:modified_time\" content=\"2021-11-18T11:33:46+00:00\" \/>\n<meta name=\"twitter:card\" content=\"summary_large_image\" \/>\n<meta name=\"twitter:label1\" content=\"Est. reading time\" \/>\n\t<meta name=\"twitter:data1\" content=\"1 minute\" \/>\n<script type=\"application\/ld+json\" class=\"yoast-schema-graph\">{\"@context\":\"https:\\\/\\\/schema.org\",\"@graph\":[{\"@type\":\"WebPage\",\"@id\":\"https:\\\/\\\/www.vomsockeldenken.de\\\/en\\\/getting-here\\\/\",\"url\":\"https:\\\/\\\/www.vomsockeldenken.de\\\/en\\\/getting-here\\\/\",\"name\":\"Getting here - Thinking from the Pedestal\",\"isPartOf\":{\"@id\":\"https:\\\/\\\/www.vomsockeldenken.de\\\/en\\\/#website\"},\"datePublished\":\"2021-11-14T23:12:34+00:00\",\"dateModified\":\"2021-11-18T11:33:46+00:00\",\"breadcrumb\":{\"@id\":\"https:\\\/\\\/www.vomsockeldenken.de\\\/en\\\/getting-here\\\/#breadcrumb\"},\"inLanguage\":\"en-US\",\"potentialAction\":[{\"@type\":\"ReadAction\",\"target\":[\"https:\\\/\\\/www.vomsockeldenken.de\\\/en\\\/getting-here\\\/\"]}]},{\"@type\":\"BreadcrumbList\",\"@id\":\"https:\\\/\\\/www.vomsockeldenken.de\\\/en\\\/getting-here\\\/#breadcrumb\",\"itemListElement\":[{\"@type\":\"ListItem\",\"position\":1,\"name\":\"Startseite\",\"item\":\"https:\\\/\\\/www.vomsockeldenken.de\\\/en\\\/\"},{\"@type\":\"ListItem\",\"position\":2,\"name\":\"Getting here\"}]},{\"@type\":\"WebSite\",\"@id\":\"https:\\\/\\\/www.vomsockeldenken.de\\\/en\\\/#website\",\"url\":\"https:\\\/\\\/www.vomsockeldenken.de\\\/en\\\/\",\"name\":\"Thinking from the Pedestal\",\"description\":\"Ten Perspectives on a Monument\",\"potentialAction\":[{\"@type\":\"SearchAction\",\"target\":{\"@type\":\"EntryPoint\",\"urlTemplate\":\"https:\\\/\\\/www.vomsockeldenken.de\\\/en\\\/?s={search_term_string}\"},\"query-input\":{\"@type\":\"PropertyValueSpecification\",\"valueRequired\":true,\"valueName\":\"search_term_string\"}}],\"inLanguage\":\"en-US\"}]}<\/script>\n<!-- \/ Yoast SEO plugin. -->","yoast_head_json":{"title":"Getting here - Thinking from the Pedestal","robots":{"index":"index","follow":"follow","max-snippet":"max-snippet:-1","max-image-preview":"max-image-preview:large","max-video-preview":"max-video-preview:-1"},"canonical":"https:\/\/www.vomsockeldenken.de\/en\/getting-here\/","og_locale":"en_US","og_type":"article","og_title":"Getting here - Thinking from the Pedestal","og_description":"[vc_row][vc_column][vc_column_text] Getting here [\/vc_column_text][\/vc_column][\/vc_row][vc_row][vc_column][vc_single_image image=&#8221;5370&#8243; img_size=&#8221;full&#8221; el_class=&#8221;denkmal&#8221;][\/vc_column][\/vc_row][vc_row][vc_column width=&#8221;1\/3&#8243; el_class=&#8221;leftish&#8221;][vc_column_text]S-Bahn (urban railway): S8, S41, S42, S85 Greifswalder Stra\u00dfe (5 minutes on foot)[\/vc_column_text][\/vc_column][vc_column width=&#8221;1\/3&#8243; el_class=&#8221;leftish&#8221;][vc_column_text]Stra\u00dfenbahnen (trams): M4 Danziger Stra\u00dfe M10 Greifswalder Stra\u00dfe (each 5 minutes on foot)[\/vc_column_text][\/vc_column][vc_column width=&#8221;1\/3&#8243; el_class=&#8221;leftish&#8221;][vc_column_text]GPS coordinates: 52.5381, 13.4337[\/vc_column_text][\/vc_column][\/vc_row][vc_row][vc_column][vc_column_text]Please bring along your web-enabled or WLAN-ready smartphone, so that you can watch the films on&hellip;","og_url":"https:\/\/www.vomsockeldenken.de\/en\/getting-here\/","og_site_name":"Thinking from the Pedestal","article_modified_time":"2021-11-18T11:33:46+00:00","twitter_card":"summary_large_image","twitter_misc":{"Est. reading time":"1 minute"},"schema":{"@context":"https:\/\/schema.org","@graph":[{"@type":"WebPage","@id":"https:\/\/www.vomsockeldenken.de\/en\/getting-here\/","url":"https:\/\/www.vomsockeldenken.de\/en\/getting-here\/","name":"Getting here - Thinking from the Pedestal","isPartOf":{"@id":"https:\/\/www.vomsockeldenken.de\/en\/#website"},"datePublished":"2021-11-14T23:12:34+00:00","dateModified":"2021-11-18T11:33:46+00:00","breadcrumb":{"@id":"https:\/\/www.vomsockeldenken.de\/en\/getting-here\/#breadcrumb"},"inLanguage":"en-US","potentialAction":[{"@type":"ReadAction","target":["https:\/\/www.vomsockeldenken.de\/en\/getting-here\/"]}]},{"@type":"BreadcrumbList","@id":"https:\/\/www.vomsockeldenken.de\/en\/getting-here\/#breadcrumb","itemListElement":[{"@type":"ListItem","position":1,"name":"Startseite","item":"https:\/\/www.vomsockeldenken.de\/en\/"},{"@type":"ListItem","position":2,"name":"Getting here"}]},{"@type":"WebSite","@id":"https:\/\/www.vomsockeldenken.de\/en\/#website","url":"https:\/\/www.vomsockeldenken.de\/en\/","name":"Thinking from the Pedestal","description":"Ten Perspectives on a Monument","potentialAction":[{"@type":"SearchAction","target":{"@type":"EntryPoint","urlTemplate":"https:\/\/www.vomsockeldenken.de\/en\/?s={search_term_string}"},"query-input":{"@type":"PropertyValueSpecification","valueRequired":true,"valueName":"search_term_string"}}],"inLanguage":"en-US"}]}},"jetpack_sharing_enabled":true,"_links":{"self":[{"href":"https:\/\/www.vomsockeldenken.de\/en\/wp-json\/wp\/v2\/pages\/5550","targetHints":{"allow":["GET"]}}],"collection":[{"href":"https:\/\/www.vomsockeldenken.de\/en\/wp-json\/wp\/v2\/pages"}],"about":[{"href":"https:\/\/www.vomsockeldenken.de\/en\/wp-json\/wp\/v2\/types\/page"}],"author":[{"embeddable":true,"href":"https:\/\/www.vomsockeldenken.de\/en\/wp-json\/wp\/v2\/users\/2"}],"replies":[{"embeddable":true,"href":"https:\/\/www.vomsockeldenken.de\/en\/wp-json\/wp\/v2\/comments?post=5550"}],"version-history":[{"count":6,"href":"https:\/\/www.vomsockeldenken.de\/en\/wp-json\/wp\/v2\/pages\/5550\/revisions"}],"predecessor-version":[{"id":5663,"href":"https:\/\/www.vomsockeldenken.de\/en\/wp-json\/wp\/v2\/pages\/5550\/revisions\/5663"}],"wp:attachment":[{"href":"https:\/\/www.vomsockeldenken.de\/en\/wp-json\/wp\/v2\/media?parent=5550"}],"curies":[{"name":"wp","href":"https:\/\/api.w.org\/{rel}","templated":true}]}}